{"id":39,"date":"2026-05-12T15:34:16","date_gmt":"2026-05-12T15:34:16","guid":{"rendered":"https:\/\/metateach.ufzg.hr\/?page_id=39"},"modified":"2026-05-15T09:51:19","modified_gmt":"2026-05-15T09:51:19","slug":"sastanci-i-radionice","status":"publish","type":"page","link":"https:\/\/metateach.ufzg.hr\/en\/dogadaji\/sastanci-i-radionice\/","title":{"rendered":"Meetings and workshops"},"content":{"rendered":"<h2 class=\"wp-block-heading\">1. istra\u017eiva\u010dka radionica <em>Metodologija istra\u017eivanja u ra\u010dunalnim korpusima<\/em><\/h2>\n\n\n\n<p>Voditeljica: Jelena Parizoska<br>20. svibnja 2026., U\u010diteljski fakultet Zagreb<br><a href=\"https:\/\/metateach.ufzg.hr\/wp-content\/uploads\/2026\/05\/Program-1.-istrazivacke-radionice-MetaTeach-1.pdf\" target=\"_blank\" rel=\"noreferrer noopener\">Program radionice<\/a><\/p>","protected":false},"excerpt":{"rendered":"<p>1. istra\u017eiva\u010dka radionica Metodologija istra\u017eivanja u ra\u010dunalnim korpusima Voditeljica: Jelena Parizoska20. svibnja 2026., U\u010diteljski fakultet ZagrebProgram radionice<\/p>","protected":false},"author":3,"featured_media":0,"parent":19,"menu_order":42,"comment_status":"closed","ping_status":"closed","template":"","meta":{"footnotes":""},"class_list":["post-39","page","type-page","status-publish","hentry"],"_links":{"self":[{"href":"https:\/\/metateach.ufzg.hr\/en\/wp-json\/wp\/v2\/pages\/39","targetHints":{"allow":["GET"]}}],"collection":[{"href":"https:\/\/metateach.ufzg.hr\/en\/wp-json\/wp\/v2\/pages"}],"about":[{"href":"https:\/\/metateach.ufzg.hr\/en\/wp-json\/wp\/v2\/types\/page"}],"author":[{"embeddable":true,"href":"https:\/\/metateach.ufzg.hr\/en\/wp-json\/wp\/v2\/users\/3"}],"replies":[{"embeddable":true,"href":"https:\/\/metateach.ufzg.hr\/en\/wp-json\/wp\/v2\/comments?post=39"}],"version-history":[{"count":4,"href":"https:\/\/metateach.ufzg.hr\/en\/wp-json\/wp\/v2\/pages\/39\/revisions"}],"predecessor-version":[{"id":197,"href":"https:\/\/metateach.ufzg.hr\/en\/wp-json\/wp\/v2\/pages\/39\/revisions\/197"}],"up":[{"embeddable":true,"href":"https:\/\/metateach.ufzg.hr\/en\/wp-json\/wp\/v2\/pages\/19"}],"wp:attachment":[{"href":"https:\/\/metateach.ufzg.hr\/en\/wp-json\/wp\/v2\/media?parent=39"}],"curies":[{"name":"wp","href":"https:\/\/api.w.org\/{rel}","templated":true}]}}