{"id":37,"date":"2026-05-12T15:32:58","date_gmt":"2026-05-12T15:32:58","guid":{"rendered":"https:\/\/metateach.ufzg.hr\/?page_id=37"},"modified":"2026-05-12T18:15:37","modified_gmt":"2026-05-12T18:15:37","slug":"izlaganja-na-skupovima","status":"publish","type":"page","link":"https:\/\/metateach.ufzg.hr\/en\/dogadaji\/izlaganja-na-skupovima\/","title":{"rendered":"Conference presentations"},"content":{"rendered":"<p><strong>Parizoska, Jelena. Figurative constructions and young EFL learners: When, what and how.<\/strong><br>Me\u0111unarodni znanstveni skup <em><a href=\"https:\/\/uit.no\/tavla\/artikkel\/880727\/biennial_international_conference_constructionis\" target=\"_blank\" rel=\"noreferrer noopener\">Constructionist Approaches to Language Pedagogy<\/a><\/em>. Troms\u00f8, Norve\u0161ka, 4. \u2013 6. o\u017eujka 2026.<\/p>\n\n\n\n<p><\/p>","protected":false},"excerpt":{"rendered":"<p>Parizoska, Jelena. Figurative constructions and young EFL learners: When, what and how.Me\u0111unarodni znanstveni skup Constructionist Approaches to Language Pedagogy. Troms\u00f8, Norve\u0161ka, 4. \u2013 6. o\u017eujka 2026.<\/p>","protected":false},"author":3,"featured_media":0,"parent":19,"menu_order":41,"comment_status":"closed","ping_status":"closed","template":"","meta":{"footnotes":""},"class_list":["post-37","page","type-page","status-publish","hentry"],"_links":{"self":[{"href":"https:\/\/metateach.ufzg.hr\/en\/wp-json\/wp\/v2\/pages\/37","targetHints":{"allow":["GET"]}}],"collection":[{"href":"https:\/\/metateach.ufzg.hr\/en\/wp-json\/wp\/v2\/pages"}],"about":[{"href":"https:\/\/metateach.ufzg.hr\/en\/wp-json\/wp\/v2\/types\/page"}],"author":[{"embeddable":true,"href":"https:\/\/metateach.ufzg.hr\/en\/wp-json\/wp\/v2\/users\/3"}],"replies":[{"embeddable":true,"href":"https:\/\/metateach.ufzg.hr\/en\/wp-json\/wp\/v2\/comments?post=37"}],"version-history":[{"count":3,"href":"https:\/\/metateach.ufzg.hr\/en\/wp-json\/wp\/v2\/pages\/37\/revisions"}],"predecessor-version":[{"id":104,"href":"https:\/\/metateach.ufzg.hr\/en\/wp-json\/wp\/v2\/pages\/37\/revisions\/104"}],"up":[{"embeddable":true,"href":"https:\/\/metateach.ufzg.hr\/en\/wp-json\/wp\/v2\/pages\/19"}],"wp:attachment":[{"href":"https:\/\/metateach.ufzg.hr\/en\/wp-json\/wp\/v2\/media?parent=37"}],"curies":[{"name":"wp","href":"https:\/\/api.w.org\/{rel}","templated":true}]}}