{"id":16,"date":"2026-05-12T15:16:24","date_gmt":"2026-05-12T15:16:24","guid":{"rendered":"https:\/\/metateach.ufzg.hr\/?page_id=16"},"modified":"2026-05-13T12:24:23","modified_gmt":"2026-05-13T12:24:23","slug":"projektni-rezultati","status":"publish","type":"page","link":"https:\/\/metateach.ufzg.hr\/en\/projektni-rezultati\/","title":{"rendered":"Publications"},"content":{"rendered":"<p>Members of the research group actively investigate the relationship between metaphoric competence and metalinguistic awareness in early primary school students, both in Croatian as a first language and in English as a foreign language.<\/p>\n\n\n\n<p>The project results will be presented in the form of scientific publications and will also include guidelines for their application in teaching practice.<\/p>\n\n\n\n<figure class=\"wp-block-image size-large\"><img loading=\"lazy\" decoding=\"async\" width=\"1024\" height=\"604\" src=\"https:\/\/metateach.ufzg.hr\/wp-content\/uploads\/2026\/05\/public-domain-vectors-7PBb4kw8wyc-unsplash_-1024x604.jpg\" alt=\"Results\" class=\"wp-image-129\" srcset=\"https:\/\/metateach.ufzg.hr\/wp-content\/uploads\/2026\/05\/public-domain-vectors-7PBb4kw8wyc-unsplash_-1024x604.jpg 1024w, https:\/\/metateach.ufzg.hr\/wp-content\/uploads\/2026\/05\/public-domain-vectors-7PBb4kw8wyc-unsplash_-300x177.jpg 300w, https:\/\/metateach.ufzg.hr\/wp-content\/uploads\/2026\/05\/public-domain-vectors-7PBb4kw8wyc-unsplash_-768x453.jpg 768w, https:\/\/metateach.ufzg.hr\/wp-content\/uploads\/2026\/05\/public-domain-vectors-7PBb4kw8wyc-unsplash_-1536x906.jpg 1536w, https:\/\/metateach.ufzg.hr\/wp-content\/uploads\/2026\/05\/public-domain-vectors-7PBb4kw8wyc-unsplash_-2048x1208.jpg 2048w\" sizes=\"auto, (max-width: 1024px) 100vw, 1024px\" \/><figcaption class=\"wp-element-caption\"><a href=\"https:\/\/unsplash.com\/illustrations\/magnifying-glass-over-laptop-screen-with-code-7PBb4kw8wyc?utm_source=unsplash&amp;utm_medium=referral&amp;utm_content=creditCopyText\">Illustration<\/a> by <a href=\"https:\/\/unsplash.com\/@publicdomainvectors\/illustrations?utm_source=unsplash&amp;utm_medium=referral&amp;utm_content=creditCopyText\">Public domain vectors<\/a> on <a href=\"https:\/\/unsplash.com\/illustrations?utm_source=unsplash&amp;utm_medium=referral&amp;utm_content=creditCopyText\">Unsplash<\/a><\/figcaption><\/figure>","protected":false},"excerpt":{"rendered":"<p>\u010clanovi istra\u017eiva\u010dke skupine aktivno prou\u010davaju odnos izme\u0111u metafori\u010dke kompetencije i metajezi\u010dne svjesnosti kod u\u010denika mla\u0111e \u0161kolske dobi, i to u hrvatskome kao materinskome jeziku te engleskome kao stranome jeziku. Rezultati projekta bit \u0107e predstavljeni u obliku znanstvenih publikacija, a uklju\u010divat \u0107e i smjernice za njihovu primjenu u nastavnoj praksi.<\/p>","protected":false},"author":3,"featured_media":129,"parent":0,"menu_order":30,"comment_status":"closed","ping_status":"closed","template":"","meta":{"footnotes":""},"class_list":["post-16","page","type-page","status-publish","has-post-thumbnail","hentry"],"_links":{"self":[{"href":"https:\/\/metateach.ufzg.hr\/en\/wp-json\/wp\/v2\/pages\/16","targetHints":{"allow":["GET"]}}],"collection":[{"href":"https:\/\/metateach.ufzg.hr\/en\/wp-json\/wp\/v2\/pages"}],"about":[{"href":"https:\/\/metateach.ufzg.hr\/en\/wp-json\/wp\/v2\/types\/page"}],"author":[{"embeddable":true,"href":"https:\/\/metateach.ufzg.hr\/en\/wp-json\/wp\/v2\/users\/3"}],"replies":[{"embeddable":true,"href":"https:\/\/metateach.ufzg.hr\/en\/wp-json\/wp\/v2\/comments?post=16"}],"version-history":[{"count":4,"href":"https:\/\/metateach.ufzg.hr\/en\/wp-json\/wp\/v2\/pages\/16\/revisions"}],"predecessor-version":[{"id":150,"href":"https:\/\/metateach.ufzg.hr\/en\/wp-json\/wp\/v2\/pages\/16\/revisions\/150"}],"wp:featuredmedia":[{"embeddable":true,"href":"https:\/\/metateach.ufzg.hr\/en\/wp-json\/wp\/v2\/media\/129"}],"wp:attachment":[{"href":"https:\/\/metateach.ufzg.hr\/en\/wp-json\/wp\/v2\/media?parent=16"}],"curies":[{"name":"wp","href":"https:\/\/api.w.org\/{rel}","templated":true}]}}